{"id":1498,"date":"2025-03-19T10:18:31","date_gmt":"2025-03-19T09:18:31","guid":{"rendered":"https:\/\/alu-set.com\/politica-de-cookies\/"},"modified":"2026-04-29T08:58:19","modified_gmt":"2026-04-29T06:58:19","slug":"politica-de-cookies","status":"publish","type":"page","link":"https:\/\/alu-set.com\/ca\/politica-de-cookies\/","title":{"rendered":"Pol\u00edtica de cookies"},"content":{"rendered":"\t\t<div data-elementor-type=\"wp-page\" data-elementor-id=\"1498\" class=\"elementor elementor-1498 elementor-449\">\n\t\t\t\t\t\t<section class=\"elementor-section elementor-top-section elementor-element elementor-element-2b11790 pbmit-col-stretched-none pbmit-bg-color-over-image elementor-section-boxed elementor-section-height-default elementor-section-height-default\" data-id=\"2b11790\" data-element_type=\"section\" data-e-type=\"section\">\n\t\t\t\t\t\t<div class=\"elementor-container elementor-column-gap-default\">\n\t\t\t\t\t<div class=\"elementor-column elementor-col-100 elementor-top-column elementor-element elementor-element-7be09bf pbmit-bg-color-over-image\" data-id=\"7be09bf\" data-element_type=\"column\" data-e-type=\"column\">\n\t\t\t<div class=\"elementor-widget-wrap elementor-element-populated\">\n\t\t\t\t\t\t<div class=\"elementor-element elementor-element-340f065 elementor-widget elementor-widget-text-editor\" data-id=\"340f065\" data-element_type=\"widget\" data-e-type=\"widget\" data-widget_type=\"text-editor.default\">\n\t\t\t\t<div class=\"elementor-widget-container\">\n\t\t\t\t\t\t\t\t\t<section class=\"elementor-section elementor-top-section elementor-element elementor-element-c2cb760 elementor-section-boxed elementor-section-height-default elementor-section-height-default\" data-id=\"c2cb760\" data-element_type=\"section\"><div class=\"elementor-container elementor-column-gap-default\"><div class=\"elementor-column elementor-col-100 elementor-top-column elementor-element elementor-element-9c0708c\" data-id=\"9c0708c\" data-element_type=\"column\"><div class=\"elementor-widget-wrap elementor-element-populated\"><div class=\"elementor-element elementor-element-fb8b874 elementor-widget elementor-widget-heading\" data-id=\"fb8b874\" data-element_type=\"widget\" data-widget_type=\"heading.default\"><div class=\"elementor-widget-container\"><h1 class=\"elementor-heading-title elementor-size-default\">Pol\u00edtica de Cookies<\/h1><\/div><\/div><\/div><\/div><\/div><\/section><section class=\"elementor-section elementor-top-section elementor-element elementor-element-cf332e0 elementor-section-boxed elementor-section-height-default elementor-section-height-default\" data-id=\"cf332e0\" data-element_type=\"section\"><div class=\"elementor-container elementor-column-gap-default\"><div class=\"elementor-column elementor-col-100 elementor-top-column elementor-element elementor-element-a785feb\" data-id=\"a785feb\" data-element_type=\"column\"><div class=\"elementor-widget-wrap elementor-element-populated\"><div class=\"elementor-element elementor-element-7c5b8a2 elementor-widget elementor-widget-text-editor\" data-id=\"7c5b8a2\" data-element_type=\"widget\" data-widget_type=\"text-editor.default\"><div class=\"elementor-widget-container\"><ol><li><strong>Uso de cookies<\/strong><\/li><\/ol><p>La p\u00e1gina web www.alufactory.es titularidad de <strong>Alu-set<\/strong> utiliza cookies.<\/p><p>Las cookies son ficheros que se descargan en su ordenador al acceder a determinadas p\u00e1ginas web. Las cookies permiten a una p\u00e1gina web, entre otras cosas, almacenar y recuperar informaci\u00f3n sobre los h\u00e1bitos de navegaci\u00f3n de un usuario o de su equipo y, dependiendo de la informaci\u00f3n que contengan y de la forma en que utilice su equipo. Adem\u00e1s, mejoran su proceso de navegaci\u00f3n, ya que permiten que la p\u00e1gina web ofrezca al usuario informaci\u00f3n que puede ser de su inter\u00e9s en funci\u00f3n del uso que realice, del contenido de la misma.  <\/p><p>En caso de no querer recibir cookies, por favor, configure su navegador de internet, para que las borre del disco duro de su ordenador, las bloquee o le avise en su caso de instalaci\u00f3n de las mismas. Para continuar sin cambios en la configuraci\u00f3n de las cookies, simplemente, contin\u00fae en la p\u00e1gina web. <\/p><ol start=\"2\"><li><strong>Consentimiento<\/strong><\/li><\/ol><p>Las cookies que utilizamos no almacenan dato personal alguno, ni ning\u00fan tipo de informaci\u00f3n que pueda identificarle, salvo que quieran registrarse de forma voluntaria con el fin de utilizar los servicios que ponemos a su disposici\u00f3n o de recibir informaci\u00f3n sobre promociones y contenidos de su inter\u00e9s.<\/p><p>Al navegar y continuar en nuestra web nos indica que est\u00e1 consintiendo el uso de las cookies antes enunciadas, y en las condiciones contenidas en la presente pol\u00edtica de cookies. En caso de no estar de acuerdo env\u00ede un correo electr\u00f3nico a info@alufactory.es <\/p><ol start=\"3\"><li><strong>C\u00f3mo bloquear o eliminar las cookies instaladas<\/strong><\/li><\/ol><p>Puede usted permitir, bloquear o eliminar las cookies instaladas en su equipo mediante la configuraci\u00f3n de las opciones de su navegador. Puede encontrar informaci\u00f3n sobre c\u00f3mo hacerlo, en relaci\u00f3n con los navegadores m\u00e1s comunes en los links que se incluyen a continuaci\u00f3n: <\/p><p>Explorer: <a href=\"https:\/\/support.microsoft.com\/es-es\/kb\/278835\">https:\/\/support.microsoft.com\/es-es\/kb\/278835<\/a><\/p><p>Chrome: <a href=\"http:\/\/support.google.com\/chrome\/bin\/answer.py?hl=es&amp;answer=95647\">http:\/\/support.google.com\/chrome\/bin\/answer.py?hl=es&amp;answer=95647<\/a><\/p><p>Firefox: <a href=\"http:\/\/support.mozilla.org\/es\/kb\/Borrar%2520cookies\">http:\/\/support.mozilla.org\/es\/kb\/Borrar%20cookies<\/a><\/p><p>Safari: <a href=\"http:\/\/support.apple.com\/kb\/ph5042\">http:\/\/support.apple.com\/kb\/ph5042<\/a><\/p><p>Le informamos, no obstante, de la posibilidad de que la desactivaci\u00f3n de alguna cookie impida o dificulte la navegaci\u00f3n o la prestaci\u00f3n de los servicios ofrecidos en la p\u00e1gina web.<\/p><ol start=\"4\"><li><strong>www.alufactory.es titularidad de AluFactory<\/strong><\/li><\/ol><p>www.alu-set.com titularidad de <strong>Alu-set<\/strong> puede modificar esta pol\u00edtica de cookies en funci\u00f3n de las exigencias legales. O con la finalidad de adaptar dicha pol\u00edtica a las instrucciones dictadas por la Agencia Espa\u00f1ola de Protecci\u00f3n de Datos. <\/p><p>Por esta raz\u00f3n, aconsejamos a los usuarios que la visiten peri\u00f3dicamente. Cuando se produzcan cambios significativos en esta pol\u00edtica de cookies, se comunicar\u00e1n a los usuarios, bien mediante la web o a trav\u00e9s de correo electr\u00f3nico a los usuarios registrados. <\/p><\/div><\/div><\/div><\/div><\/div><\/section>\t\t\t\t\t\t\t\t<\/div>\n\t\t\t\t<\/div>\n\t\t\t\t\t<\/div>\n\t\t<\/div>\n\t\t\t\t\t<\/div>\n\t\t<\/section>\n\t\t\t\t<\/div>\n\t\t","protected":false},"excerpt":{"rendered":"<p>Pol\u00edtica de Cookies Uso de cookies La p\u00e1gina web www.alufactory.es titularidad de Alu-set utiliza cookies. Las cookies son ficheros que se descargan en su ordenador al acceder a determinadas p\u00e1ginas web. Las cookies permiten a una p\u00e1gina web, entre otras cosas, almacenar y recuperar informaci\u00f3n sobre los h\u00e1bitos de navegaci\u00f3n de un usuario o de [&hellip;]<\/p>\n","protected":false},"author":1,"featured_media":0,"parent":0,"menu_order":3,"comment_status":"closed","ping_status":"closed","template":"","meta":{"_acf_changed":false,"inline_featured_image":false,"footnotes":""},"class_list":["post-1498","page","type-page","status-publish","hentry"],"acf":[],"yoast_head":"<!-- This site is optimized with the Yoast SEO plugin v27.5 - https:\/\/yoast.com\/product\/yoast-seo-wordpress\/ -->\n<title>Pol\u00edtica de cookies - A-SET sistemas<\/title>\n<meta name=\"robots\" content=\"index, follow, max-snippet:-1, max-image-preview:large, max-video-preview:-1\" \/>\n<link rel=\"canonical\" href=\"https:\/\/alu-set.com\/ca\/politica-de-cookies\/\" \/>\n<meta property=\"og:locale\" content=\"ca_ES\" \/>\n<meta property=\"og:type\" content=\"article\" \/>\n<meta property=\"og:title\" content=\"Pol\u00edtica de cookies - A-SET sistemas\" \/>\n<meta property=\"og:description\" content=\"Pol\u00edtica de Cookies Uso de cookies La p\u00e1gina web www.alufactory.es titularidad de Alu-set utiliza cookies. Las cookies son ficheros que se descargan en su ordenador al acceder a determinadas p\u00e1ginas web. Las cookies permiten a una p\u00e1gina web, entre otras cosas, almacenar y recuperar informaci\u00f3n sobre los h\u00e1bitos de navegaci\u00f3n de un usuario o de [&hellip;]\" \/>\n<meta property=\"og:url\" content=\"https:\/\/alu-set.com\/ca\/politica-de-cookies\/\" \/>\n<meta property=\"og:site_name\" content=\"A-SET sistemas\" \/>\n<meta property=\"article:modified_time\" content=\"2026-04-29T06:58:19+00:00\" \/>\n<meta name=\"twitter:card\" content=\"summary_large_image\" \/>\n<meta name=\"twitter:label1\" content=\"Temps estimat de lectura\" \/>\n\t<meta name=\"twitter:data1\" content=\"2 minuts\" \/>\n<script type=\"application\/ld+json\" class=\"yoast-schema-graph\">{\"@context\":\"https:\\\/\\\/schema.org\",\"@graph\":[{\"@type\":\"WebPage\",\"@id\":\"https:\\\/\\\/alu-set.com\\\/ca\\\/politica-de-cookies\\\/\",\"url\":\"https:\\\/\\\/alu-set.com\\\/ca\\\/politica-de-cookies\\\/\",\"name\":\"Pol\u00edtica de cookies - A-SET sistemas\",\"isPartOf\":{\"@id\":\"https:\\\/\\\/alu-set.com\\\/ca\\\/#website\"},\"datePublished\":\"2025-03-19T09:18:31+00:00\",\"dateModified\":\"2026-04-29T06:58:19+00:00\",\"breadcrumb\":{\"@id\":\"https:\\\/\\\/alu-set.com\\\/ca\\\/politica-de-cookies\\\/#breadcrumb\"},\"inLanguage\":\"ca\",\"potentialAction\":[{\"@type\":\"ReadAction\",\"target\":[\"https:\\\/\\\/alu-set.com\\\/ca\\\/politica-de-cookies\\\/\"]}]},{\"@type\":\"BreadcrumbList\",\"@id\":\"https:\\\/\\\/alu-set.com\\\/ca\\\/politica-de-cookies\\\/#breadcrumb\",\"itemListElement\":[{\"@type\":\"ListItem\",\"position\":1,\"name\":\"Portada\",\"item\":\"https:\\\/\\\/alu-set.com\\\/ca\\\/\"},{\"@type\":\"ListItem\",\"position\":2,\"name\":\"Pol\u00edtica de cookies\"}]},{\"@type\":\"WebSite\",\"@id\":\"https:\\\/\\\/alu-set.com\\\/ca\\\/#website\",\"url\":\"https:\\\/\\\/alu-set.com\\\/ca\\\/\",\"name\":\"Alu-set sistemas\",\"description\":\"Soluciones en aluminio para interior y exterior. Dise\u00f1o, calidad, personalizaci\u00f3n y tecnolog\u00eda de \u00faltima generaci\u00f3n\",\"publisher\":{\"@id\":\"https:\\\/\\\/alu-set.com\\\/ca\\\/#organization\"},\"alternateName\":\"A-SET sistemas\",\"potentialAction\":[{\"@type\":\"SearchAction\",\"target\":{\"@type\":\"EntryPoint\",\"urlTemplate\":\"https:\\\/\\\/alu-set.com\\\/ca\\\/?s={search_term_string}\"},\"query-input\":{\"@type\":\"PropertyValueSpecification\",\"valueRequired\":true,\"valueName\":\"search_term_string\"}}],\"inLanguage\":\"ca\"},{\"@type\":\"Organization\",\"@id\":\"https:\\\/\\\/alu-set.com\\\/ca\\\/#organization\",\"name\":\"Alu-set sistemas\",\"alternateName\":\"A-SET sistemas\",\"url\":\"https:\\\/\\\/alu-set.com\\\/ca\\\/\",\"logo\":{\"@type\":\"ImageObject\",\"inLanguage\":\"ca\",\"@id\":\"https:\\\/\\\/alu-set.com\\\/ca\\\/#\\\/schema\\\/logo\\\/image\\\/\",\"url\":\"https:\\\/\\\/alu-set.com\\\/wp-content\\\/uploads\\\/2025\\\/03\\\/logoA.png\",\"contentUrl\":\"https:\\\/\\\/alu-set.com\\\/wp-content\\\/uploads\\\/2025\\\/03\\\/logoA.png\",\"width\":137,\"height\":150,\"caption\":\"Alu-set sistemas\"},\"image\":{\"@id\":\"https:\\\/\\\/alu-set.com\\\/ca\\\/#\\\/schema\\\/logo\\\/image\\\/\"}}]}<\/script>\n<!-- \/ Yoast SEO plugin. -->","yoast_head_json":{"title":"Pol\u00edtica de cookies - A-SET sistemas","robots":{"index":"index","follow":"follow","max-snippet":"max-snippet:-1","max-image-preview":"max-image-preview:large","max-video-preview":"max-video-preview:-1"},"canonical":"https:\/\/alu-set.com\/ca\/politica-de-cookies\/","og_locale":"ca_ES","og_type":"article","og_title":"Pol\u00edtica de cookies - A-SET sistemas","og_description":"Pol\u00edtica de Cookies Uso de cookies La p\u00e1gina web www.alufactory.es titularidad de Alu-set utiliza cookies. Las cookies son ficheros que se descargan en su ordenador al acceder a determinadas p\u00e1ginas web. Las cookies permiten a una p\u00e1gina web, entre otras cosas, almacenar y recuperar informaci\u00f3n sobre los h\u00e1bitos de navegaci\u00f3n de un usuario o de [&hellip;]","og_url":"https:\/\/alu-set.com\/ca\/politica-de-cookies\/","og_site_name":"A-SET sistemas","article_modified_time":"2026-04-29T06:58:19+00:00","twitter_card":"summary_large_image","twitter_misc":{"Temps estimat de lectura":"2 minuts"},"schema":{"@context":"https:\/\/schema.org","@graph":[{"@type":"WebPage","@id":"https:\/\/alu-set.com\/ca\/politica-de-cookies\/","url":"https:\/\/alu-set.com\/ca\/politica-de-cookies\/","name":"Pol\u00edtica de cookies - A-SET sistemas","isPartOf":{"@id":"https:\/\/alu-set.com\/ca\/#website"},"datePublished":"2025-03-19T09:18:31+00:00","dateModified":"2026-04-29T06:58:19+00:00","breadcrumb":{"@id":"https:\/\/alu-set.com\/ca\/politica-de-cookies\/#breadcrumb"},"inLanguage":"ca","potentialAction":[{"@type":"ReadAction","target":["https:\/\/alu-set.com\/ca\/politica-de-cookies\/"]}]},{"@type":"BreadcrumbList","@id":"https:\/\/alu-set.com\/ca\/politica-de-cookies\/#breadcrumb","itemListElement":[{"@type":"ListItem","position":1,"name":"Portada","item":"https:\/\/alu-set.com\/ca\/"},{"@type":"ListItem","position":2,"name":"Pol\u00edtica de cookies"}]},{"@type":"WebSite","@id":"https:\/\/alu-set.com\/ca\/#website","url":"https:\/\/alu-set.com\/ca\/","name":"Alu-set sistemas","description":"Soluciones en aluminio para interior y exterior. Dise\u00f1o, calidad, personalizaci\u00f3n y tecnolog\u00eda de \u00faltima generaci\u00f3n","publisher":{"@id":"https:\/\/alu-set.com\/ca\/#organization"},"alternateName":"A-SET sistemas","potentialAction":[{"@type":"SearchAction","target":{"@type":"EntryPoint","urlTemplate":"https:\/\/alu-set.com\/ca\/?s={search_term_string}"},"query-input":{"@type":"PropertyValueSpecification","valueRequired":true,"valueName":"search_term_string"}}],"inLanguage":"ca"},{"@type":"Organization","@id":"https:\/\/alu-set.com\/ca\/#organization","name":"Alu-set sistemas","alternateName":"A-SET sistemas","url":"https:\/\/alu-set.com\/ca\/","logo":{"@type":"ImageObject","inLanguage":"ca","@id":"https:\/\/alu-set.com\/ca\/#\/schema\/logo\/image\/","url":"https:\/\/alu-set.com\/wp-content\/uploads\/2025\/03\/logoA.png","contentUrl":"https:\/\/alu-set.com\/wp-content\/uploads\/2025\/03\/logoA.png","width":137,"height":150,"caption":"Alu-set sistemas"},"image":{"@id":"https:\/\/alu-set.com\/ca\/#\/schema\/logo\/image\/"}}]}},"_links":{"self":[{"href":"https:\/\/alu-set.com\/ca\/wp-json\/wp\/v2\/pages\/1498","targetHints":{"allow":["GET"]}}],"collection":[{"href":"https:\/\/alu-set.com\/ca\/wp-json\/wp\/v2\/pages"}],"about":[{"href":"https:\/\/alu-set.com\/ca\/wp-json\/wp\/v2\/types\/page"}],"author":[{"embeddable":true,"href":"https:\/\/alu-set.com\/ca\/wp-json\/wp\/v2\/users\/1"}],"replies":[{"embeddable":true,"href":"https:\/\/alu-set.com\/ca\/wp-json\/wp\/v2\/comments?post=1498"}],"version-history":[{"count":2,"href":"https:\/\/alu-set.com\/ca\/wp-json\/wp\/v2\/pages\/1498\/revisions"}],"predecessor-version":[{"id":1736,"href":"https:\/\/alu-set.com\/ca\/wp-json\/wp\/v2\/pages\/1498\/revisions\/1736"}],"wp:attachment":[{"href":"https:\/\/alu-set.com\/ca\/wp-json\/wp\/v2\/media?parent=1498"}],"curies":[{"name":"wp","href":"https:\/\/api.w.org\/{rel}","templated":true}]}}