{"id":1500,"date":"2025-03-19T10:06:31","date_gmt":"2025-03-19T09:06:31","guid":{"rendered":"https:\/\/alu-set.com\/politica-de-privacitat\/"},"modified":"2026-04-29T08:58:45","modified_gmt":"2026-04-29T06:58:45","slug":"politica-de-privacitat","status":"publish","type":"page","link":"https:\/\/alu-set.com\/ca\/politica-de-privacitat\/","title":{"rendered":"Pol\u00edtica de privacitat"},"content":{"rendered":"\t\t<div data-elementor-type=\"wp-page\" data-elementor-id=\"1500\" class=\"elementor elementor-1500 elementor-441\">\n\t\t\t\t\t\t<section class=\"elementor-section elementor-top-section elementor-element elementor-element-2b11790 pbmit-col-stretched-none pbmit-bg-color-over-image elementor-section-boxed elementor-section-height-default elementor-section-height-default\" data-id=\"2b11790\" data-element_type=\"section\" data-e-type=\"section\">\n\t\t\t\t\t\t<div class=\"elementor-container elementor-column-gap-default\">\n\t\t\t\t\t<div class=\"elementor-column elementor-col-100 elementor-top-column elementor-element elementor-element-7be09bf pbmit-bg-color-over-image\" data-id=\"7be09bf\" data-element_type=\"column\" data-e-type=\"column\">\n\t\t\t<div class=\"elementor-widget-wrap elementor-element-populated\">\n\t\t\t\t\t\t<div class=\"elementor-element elementor-element-340f065 elementor-widget elementor-widget-text-editor\" data-id=\"340f065\" data-element_type=\"widget\" data-e-type=\"widget\" data-widget_type=\"text-editor.default\">\n\t\t\t\t<div class=\"elementor-widget-container\">\n\t\t\t\t\t\t\t\t\t<h3>RESPONSABLE<\/h3><h4><strong>1. Identidad<\/strong><\/h4><ul><li>Empresa: <strong>Alu-set la fabrica de les Finestres, S.L.<\/strong><\/li><\/ul><p> con CIF: B65841116<\/p><ul><li>Postal: c\/ Riera de Argentona, Nave 2, 08349 \u2013 Cabrera de mar (Barcelona, Espa\u00f1a)<\/li><\/ul><p> E-Mail: info@alu-set.com<\/p><p>Datos de contacto del delegado en protecci\u00f3n de datos:<br>No se dispone de Delegado.<\/p><h3>FINALIDADES<\/h3><h4><strong>2. Descripci\u00f3n ampliada de la finalidad\/es del tratamiento:<\/strong><\/h4><p>Trataremos sus datos para la Gesti\u00f3n administrativa, contable y fiscal; publicidad y prospecci\u00f3n comercial.<\/p><h3>CONSERVACI\u00d3N<\/h3><h4><strong>3. Plazos o criterios de conservaci\u00f3n de los datos:<\/strong><\/h4><p>Los datos personales proporcionados se conservar\u00e1n mientras se mantenga la relaci\u00f3n con la entidad y no se solicite su supresi\u00f3n por el interesado, ser\u00e1n conservados conforme a los plazos legales establecidos en materia fiscal y contable, tomando como referencia la \u00faltima comunicaci\u00f3n.<\/p><h3>DECISIONES<\/h3><h4><strong>4. Decisiones automatizadas, perfiles y l\u00f3gica aplicada:<\/strong><\/h4><p>La empresa NO tomar\u00e1 decisiones automatizadas, perfiles \u00f3 l\u00f3gica aplicada a sus datos.<\/p><h3>LEGITIMACI\u00d3N<\/h3><h4><strong>5. Legitimaci\u00f3n por ejecuci\u00f3n de un contrato:<\/strong><\/h4><p>Debido a que el tratamiento es necesario para la ejecuci\u00f3n de un contrato mercantil, en el que usted es parte , se hace constar que el tipo de contrato de que se trata, es el citado contrato mercantil o la relaci\u00f3n precontractual.<\/p><p>Como la comunicaci\u00f3n de datos personales es un requisito legal o contractual y un requisito necesario para suscribir el citado contrato, se informa al interesado que est\u00e1 obligado a facilitar los datos personales, y as\u00ed mismo que las consecuencias de no hacerlo pueden suponer la no prestaci\u00f3n del servicio solicitado.<\/p><h3>DESTINATARIOS<\/h3><ol start=\"6\"><li>Durante el periodo de duraci\u00f3n del tratamiento, <strong>Alu-set<\/strong> no realizar\u00e1 ninguna cesi\u00f3n, salvo obligaci\u00f3n legal, ni tampoco transferencia alguna.<\/li><\/ol><h3>DERECHOS<\/h3><h4><strong>7. El interesado puede ejercer los siguientes derechos:<\/strong><\/h4><ul><li>Derecho a solicitar el acceso a sus datos personales.<\/li><li>Derecho a solicitar su rectificaci\u00f3n o supresi\u00f3n.<\/li><li>Derecho a solicitar la limitaci\u00f3n de su tratamiento.<\/li><li>Derecho a oponerse al tratamiento.<\/li><li>Derecho a la portabilidad de los datos.<\/li><li>Derecho a retirar el consentimiento prestado.<\/li><\/ul><p>Cualquier persona tiene derecho a obtener confirmaci\u00f3n sobre si en la Entidad estamos tratando datos personales que les conciernan, o no. Las personas interesadas tienen derecho a acceder a sus datos personales, as\u00ed como a solicitar la rectificaci\u00f3n de los datos inexactos o, en su caso, solicitar su supresi\u00f3n cuando, entre otros motivos, los datos ya no sean necesarios para los fines que fueron recogidos.<\/p><p>En determinadas circunstancias, los interesados podr\u00e1n solicitar la limitaci\u00f3n del tratamiento de sus datos, en cuyo caso \u00fanicamente los conservaremos para el ejercicio o la defensa de reclamaciones. En determinadas circunstancias y por motivos relacionados con su situaci\u00f3n particular, los interesados podr\u00e1n oponerse al tratamiento de sus datos. En este caso, la entidad, dejar\u00e1 de tratar los datos, salvo por motivos leg\u00edtimos imperiosos, o el ejercicio o la defensa de posibles reclamaciones.<\/p><p>Si ha otorgado su consentimiento para alguna finalidad concreta, tiene derecho a retirar el consentimiento otorgado en cualquier momento, sin que ello afecte a la licitud del tratamiento basado en el consentimiento previo a su retirada.<\/p><ul><li>Para ello podr\u00e1 emplear los formularios habilitados por la empresa, o bien dirigir un escrito a <strong>Alu-set.<\/strong>, c\/ Riera de Argentona, Nave 2, 08349 \u2013 Cabrera de mar (Barcelona, Espa\u00f1a) o tambi\u00e9n puede enviar un email a: info@alu-set.com <\/li><\/ul><p>En caso de que sienta vulnerados sus derechos en lo concerniente a la protecci\u00f3n de sus datos personales, especialmente cuando no haya obtenido satisfacci\u00f3n en el ejercicio de sus derechos, puede presentar una reclamaci\u00f3n ante la Autoridad de Control en materia de Protecci\u00f3n de Datos competente a trav\u00e9s de su sitio web: <a href=\"http:\/\/www.agpd.es\/\">www.agpd.es<\/a>.<\/p><p>En cumplimiento de lo prevenido en el art\u00edculo 21 de la Ley 34\/2002 de servicios de la sociedad de la informaci\u00f3n y comercio electr\u00f3nico, si usted no desea recibir m\u00e1s informaci\u00f3n sobre nuestros servicios, puede darse de baja en la siguiente direcci\u00f3n de correo electr\u00f3nico de la entidad, indicando en el asunto \u201cNo enviar correos\u201d.<\/p><h3>PROCEDENCIA DE LOS DATOS<\/h3><p>Los datos personales que tratamos en <strong>Alu-set<\/strong> proceden directamente de usted:<\/p><p>Las categor\u00edas de datos que se tratan son:<\/p><ul><li>Datos de identificaci\u00f3n.<\/li><li>C\u00f3digos o claves de identificaci\u00f3n.<\/li><li>Direcciones postales o electr\u00f3nicas.<\/li><li>Informaci\u00f3n comercial.<\/li><li>Datos econ\u00f3micos.<\/li><\/ul><p>No se tratan datos especialmente protegidos.<\/p>\t\t\t\t\t\t\t\t<\/div>\n\t\t\t\t<\/div>\n\t\t\t\t\t<\/div>\n\t\t<\/div>\n\t\t\t\t\t<\/div>\n\t\t<\/section>\n\t\t\t\t<\/div>\n\t\t","protected":false},"excerpt":{"rendered":"<p>RESPONSABLE 1. Identidad Empresa: Alu-set la fabrica de les Finestres, S.L. con CIF: B65841116 Postal: c\/ Riera de Argentona, Nave 2, 08349 \u2013 Cabrera de mar (Barcelona, Espa\u00f1a) E-Mail: info@alu-set.com Datos de contacto del delegado en protecci\u00f3n de datos:No se dispone de Delegado. FINALIDADES 2. Descripci\u00f3n ampliada de la finalidad\/es del tratamiento: Trataremos sus datos [&hellip;]<\/p>\n","protected":false},"author":1,"featured_media":0,"parent":0,"menu_order":3,"comment_status":"closed","ping_status":"closed","template":"","meta":{"_acf_changed":false,"inline_featured_image":false,"footnotes":""},"class_list":["post-1500","page","type-page","status-publish","hentry"],"acf":[],"yoast_head":"<!-- This site is optimized with the Yoast SEO plugin v27.5 - https:\/\/yoast.com\/product\/yoast-seo-wordpress\/ -->\n<title>Pol\u00edtica de privacitat - A-SET sistemas<\/title>\n<meta name=\"robots\" content=\"index, follow, max-snippet:-1, max-image-preview:large, max-video-preview:-1\" \/>\n<link rel=\"canonical\" href=\"https:\/\/alu-set.com\/ca\/politica-de-privacitat\/\" \/>\n<meta property=\"og:locale\" content=\"ca_ES\" \/>\n<meta property=\"og:type\" content=\"article\" \/>\n<meta property=\"og:title\" content=\"Pol\u00edtica de privacitat - A-SET sistemas\" \/>\n<meta property=\"og:description\" content=\"RESPONSABLE 1. Identidad Empresa: Alu-set la fabrica de les Finestres, S.L. con CIF: B65841116 Postal: c\/ Riera de Argentona, Nave 2, 08349 \u2013 Cabrera de mar (Barcelona, Espa\u00f1a) E-Mail: info@alu-set.com Datos de contacto del delegado en protecci\u00f3n de datos:No se dispone de Delegado. FINALIDADES 2. Descripci\u00f3n ampliada de la finalidad\/es del tratamiento: Trataremos sus datos [&hellip;]\" \/>\n<meta property=\"og:url\" content=\"https:\/\/alu-set.com\/ca\/politica-de-privacitat\/\" \/>\n<meta property=\"og:site_name\" content=\"A-SET sistemas\" \/>\n<meta property=\"article:modified_time\" content=\"2026-04-29T06:58:45+00:00\" \/>\n<meta name=\"twitter:card\" content=\"summary_large_image\" \/>\n<meta name=\"twitter:label1\" content=\"Temps estimat de lectura\" \/>\n\t<meta name=\"twitter:data1\" content=\"4 minuts\" \/>\n<script type=\"application\/ld+json\" class=\"yoast-schema-graph\">{\"@context\":\"https:\\\/\\\/schema.org\",\"@graph\":[{\"@type\":\"WebPage\",\"@id\":\"https:\\\/\\\/alu-set.com\\\/ca\\\/politica-de-privacitat\\\/\",\"url\":\"https:\\\/\\\/alu-set.com\\\/ca\\\/politica-de-privacitat\\\/\",\"name\":\"Pol\u00edtica de privacitat - A-SET sistemas\",\"isPartOf\":{\"@id\":\"https:\\\/\\\/alu-set.com\\\/ca\\\/#website\"},\"datePublished\":\"2025-03-19T09:06:31+00:00\",\"dateModified\":\"2026-04-29T06:58:45+00:00\",\"breadcrumb\":{\"@id\":\"https:\\\/\\\/alu-set.com\\\/ca\\\/politica-de-privacitat\\\/#breadcrumb\"},\"inLanguage\":\"ca\",\"potentialAction\":[{\"@type\":\"ReadAction\",\"target\":[\"https:\\\/\\\/alu-set.com\\\/ca\\\/politica-de-privacitat\\\/\"]}]},{\"@type\":\"BreadcrumbList\",\"@id\":\"https:\\\/\\\/alu-set.com\\\/ca\\\/politica-de-privacitat\\\/#breadcrumb\",\"itemListElement\":[{\"@type\":\"ListItem\",\"position\":1,\"name\":\"Portada\",\"item\":\"https:\\\/\\\/alu-set.com\\\/ca\\\/\"},{\"@type\":\"ListItem\",\"position\":2,\"name\":\"Pol\u00edtica de privacitat\"}]},{\"@type\":\"WebSite\",\"@id\":\"https:\\\/\\\/alu-set.com\\\/ca\\\/#website\",\"url\":\"https:\\\/\\\/alu-set.com\\\/ca\\\/\",\"name\":\"Alu-set sistemas\",\"description\":\"Soluciones en aluminio para interior y exterior. Dise\u00f1o, calidad, personalizaci\u00f3n y tecnolog\u00eda de \u00faltima generaci\u00f3n\",\"publisher\":{\"@id\":\"https:\\\/\\\/alu-set.com\\\/ca\\\/#organization\"},\"alternateName\":\"A-SET sistemas\",\"potentialAction\":[{\"@type\":\"SearchAction\",\"target\":{\"@type\":\"EntryPoint\",\"urlTemplate\":\"https:\\\/\\\/alu-set.com\\\/ca\\\/?s={search_term_string}\"},\"query-input\":{\"@type\":\"PropertyValueSpecification\",\"valueRequired\":true,\"valueName\":\"search_term_string\"}}],\"inLanguage\":\"ca\"},{\"@type\":\"Organization\",\"@id\":\"https:\\\/\\\/alu-set.com\\\/ca\\\/#organization\",\"name\":\"Alu-set sistemas\",\"alternateName\":\"A-SET sistemas\",\"url\":\"https:\\\/\\\/alu-set.com\\\/ca\\\/\",\"logo\":{\"@type\":\"ImageObject\",\"inLanguage\":\"ca\",\"@id\":\"https:\\\/\\\/alu-set.com\\\/ca\\\/#\\\/schema\\\/logo\\\/image\\\/\",\"url\":\"https:\\\/\\\/alu-set.com\\\/wp-content\\\/uploads\\\/2025\\\/03\\\/logoA.png\",\"contentUrl\":\"https:\\\/\\\/alu-set.com\\\/wp-content\\\/uploads\\\/2025\\\/03\\\/logoA.png\",\"width\":137,\"height\":150,\"caption\":\"Alu-set sistemas\"},\"image\":{\"@id\":\"https:\\\/\\\/alu-set.com\\\/ca\\\/#\\\/schema\\\/logo\\\/image\\\/\"}}]}<\/script>\n<!-- \/ Yoast SEO plugin. -->","yoast_head_json":{"title":"Pol\u00edtica de privacitat - A-SET sistemas","robots":{"index":"index","follow":"follow","max-snippet":"max-snippet:-1","max-image-preview":"max-image-preview:large","max-video-preview":"max-video-preview:-1"},"canonical":"https:\/\/alu-set.com\/ca\/politica-de-privacitat\/","og_locale":"ca_ES","og_type":"article","og_title":"Pol\u00edtica de privacitat - A-SET sistemas","og_description":"RESPONSABLE 1. Identidad Empresa: Alu-set la fabrica de les Finestres, S.L. con CIF: B65841116 Postal: c\/ Riera de Argentona, Nave 2, 08349 \u2013 Cabrera de mar (Barcelona, Espa\u00f1a) E-Mail: info@alu-set.com Datos de contacto del delegado en protecci\u00f3n de datos:No se dispone de Delegado. FINALIDADES 2. Descripci\u00f3n ampliada de la finalidad\/es del tratamiento: Trataremos sus datos [&hellip;]","og_url":"https:\/\/alu-set.com\/ca\/politica-de-privacitat\/","og_site_name":"A-SET sistemas","article_modified_time":"2026-04-29T06:58:45+00:00","twitter_card":"summary_large_image","twitter_misc":{"Temps estimat de lectura":"4 minuts"},"schema":{"@context":"https:\/\/schema.org","@graph":[{"@type":"WebPage","@id":"https:\/\/alu-set.com\/ca\/politica-de-privacitat\/","url":"https:\/\/alu-set.com\/ca\/politica-de-privacitat\/","name":"Pol\u00edtica de privacitat - A-SET sistemas","isPartOf":{"@id":"https:\/\/alu-set.com\/ca\/#website"},"datePublished":"2025-03-19T09:06:31+00:00","dateModified":"2026-04-29T06:58:45+00:00","breadcrumb":{"@id":"https:\/\/alu-set.com\/ca\/politica-de-privacitat\/#breadcrumb"},"inLanguage":"ca","potentialAction":[{"@type":"ReadAction","target":["https:\/\/alu-set.com\/ca\/politica-de-privacitat\/"]}]},{"@type":"BreadcrumbList","@id":"https:\/\/alu-set.com\/ca\/politica-de-privacitat\/#breadcrumb","itemListElement":[{"@type":"ListItem","position":1,"name":"Portada","item":"https:\/\/alu-set.com\/ca\/"},{"@type":"ListItem","position":2,"name":"Pol\u00edtica de privacitat"}]},{"@type":"WebSite","@id":"https:\/\/alu-set.com\/ca\/#website","url":"https:\/\/alu-set.com\/ca\/","name":"Alu-set sistemas","description":"Soluciones en aluminio para interior y exterior. Dise\u00f1o, calidad, personalizaci\u00f3n y tecnolog\u00eda de \u00faltima generaci\u00f3n","publisher":{"@id":"https:\/\/alu-set.com\/ca\/#organization"},"alternateName":"A-SET sistemas","potentialAction":[{"@type":"SearchAction","target":{"@type":"EntryPoint","urlTemplate":"https:\/\/alu-set.com\/ca\/?s={search_term_string}"},"query-input":{"@type":"PropertyValueSpecification","valueRequired":true,"valueName":"search_term_string"}}],"inLanguage":"ca"},{"@type":"Organization","@id":"https:\/\/alu-set.com\/ca\/#organization","name":"Alu-set sistemas","alternateName":"A-SET sistemas","url":"https:\/\/alu-set.com\/ca\/","logo":{"@type":"ImageObject","inLanguage":"ca","@id":"https:\/\/alu-set.com\/ca\/#\/schema\/logo\/image\/","url":"https:\/\/alu-set.com\/wp-content\/uploads\/2025\/03\/logoA.png","contentUrl":"https:\/\/alu-set.com\/wp-content\/uploads\/2025\/03\/logoA.png","width":137,"height":150,"caption":"Alu-set sistemas"},"image":{"@id":"https:\/\/alu-set.com\/ca\/#\/schema\/logo\/image\/"}}]}},"_links":{"self":[{"href":"https:\/\/alu-set.com\/ca\/wp-json\/wp\/v2\/pages\/1500","targetHints":{"allow":["GET"]}}],"collection":[{"href":"https:\/\/alu-set.com\/ca\/wp-json\/wp\/v2\/pages"}],"about":[{"href":"https:\/\/alu-set.com\/ca\/wp-json\/wp\/v2\/types\/page"}],"author":[{"embeddable":true,"href":"https:\/\/alu-set.com\/ca\/wp-json\/wp\/v2\/users\/1"}],"replies":[{"embeddable":true,"href":"https:\/\/alu-set.com\/ca\/wp-json\/wp\/v2\/comments?post=1500"}],"version-history":[{"count":2,"href":"https:\/\/alu-set.com\/ca\/wp-json\/wp\/v2\/pages\/1500\/revisions"}],"predecessor-version":[{"id":1737,"href":"https:\/\/alu-set.com\/ca\/wp-json\/wp\/v2\/pages\/1500\/revisions\/1737"}],"wp:attachment":[{"href":"https:\/\/alu-set.com\/ca\/wp-json\/wp\/v2\/media?parent=1500"}],"curies":[{"name":"wp","href":"https:\/\/api.w.org\/{rel}","templated":true}]}}