{"id":1586,"date":"2024-05-17T10:57:20","date_gmt":"2024-05-17T08:57:20","guid":{"rendered":"https:\/\/alu-set.com\/videos\/"},"modified":"2026-04-29T08:56:54","modified_gmt":"2026-04-29T06:56:54","slug":"videos","status":"publish","type":"page","link":"https:\/\/alu-set.com\/ca\/videos\/","title":{"rendered":"V\u00eddeos"},"content":{"rendered":"\t\t<div data-elementor-type=\"wp-page\" data-elementor-id=\"1586\" class=\"elementor elementor-1586 elementor-1265\">\n\t\t\t\t<div class=\"elementor-element elementor-element-efb7cfe e-grid e-con-boxed e-con e-parent\" data-id=\"efb7cfe\" data-element_type=\"container\" data-e-type=\"container\">\n\t\t\t\t\t<div class=\"e-con-inner\">\n\t\t\t\t<div class=\"elementor-element elementor-element-46634f9 elementor-widget elementor-widget-video\" data-id=\"46634f9\" data-element_type=\"widget\" data-e-type=\"widget\" data-settings=\"{&quot;video_type&quot;:&quot;hosted&quot;,&quot;controls&quot;:&quot;yes&quot;}\" data-widget_type=\"video.default\">\n\t\t\t\t<div class=\"elementor-widget-container\">\n\t\t\t\t\t\t\t<div class=\"e-hosted-video elementor-wrapper elementor-open-inline\">\n\t\t\t\t\t<video class=\"elementor-video\" src=\"https:\/\/alu-set.com\/multim\/2026_01.mp4\" controls=\"\" preload=\"metadata\" controlsList=\"nodownload\"><\/video>\n\t\t\t\t<\/div>\n\t\t\t\t\t\t<\/div>\n\t\t\t\t<\/div>\n\t\t\t\t<div class=\"elementor-element elementor-element-79c1e19 elementor-widget elementor-widget-video\" data-id=\"79c1e19\" data-element_type=\"widget\" data-e-type=\"widget\" data-settings=\"{&quot;video_type&quot;:&quot;hosted&quot;,&quot;controls&quot;:&quot;yes&quot;}\" data-widget_type=\"video.default\">\n\t\t\t\t<div class=\"elementor-widget-container\">\n\t\t\t\t\t\t\t<div class=\"e-hosted-video elementor-wrapper elementor-open-inline\">\n\t\t\t\t\t<video class=\"elementor-video\" src=\"https:\/\/alu-set.com\/multim\/2026_02.mp4\" controls=\"\" preload=\"metadata\" controlsList=\"nodownload\"><\/video>\n\t\t\t\t<\/div>\n\t\t\t\t\t\t<\/div>\n\t\t\t\t<\/div>\n\t\t\t\t<div class=\"elementor-element elementor-element-ba79d90 elementor-widget elementor-widget-video\" data-id=\"ba79d90\" data-element_type=\"widget\" data-e-type=\"widget\" data-settings=\"{&quot;video_type&quot;:&quot;hosted&quot;,&quot;controls&quot;:&quot;yes&quot;}\" data-widget_type=\"video.default\">\n\t\t\t\t<div class=\"elementor-widget-container\">\n\t\t\t\t\t\t\t<div class=\"e-hosted-video elementor-wrapper elementor-open-inline\">\n\t\t\t\t\t<video class=\"elementor-video\" src=\"https:\/\/alu-set.com\/multim\/2026_03.mp4\" controls=\"\" preload=\"metadata\" controlsList=\"nodownload\"><\/video>\n\t\t\t\t<\/div>\n\t\t\t\t\t\t<\/div>\n\t\t\t\t<\/div>\n\t\t\t\t<div class=\"elementor-element elementor-element-9503fad elementor-widget elementor-widget-video\" data-id=\"9503fad\" data-element_type=\"widget\" data-e-type=\"widget\" data-settings=\"{&quot;video_type&quot;:&quot;hosted&quot;,&quot;controls&quot;:&quot;yes&quot;}\" data-widget_type=\"video.default\">\n\t\t\t\t<div class=\"elementor-widget-container\">\n\t\t\t\t\t\t\t<div class=\"e-hosted-video elementor-wrapper elementor-open-inline\">\n\t\t\t\t\t<video class=\"elementor-video\" src=\"https:\/\/alu-set.com\/multim\/2026_04.mp4\" controls=\"\" preload=\"metadata\" controlsList=\"nodownload\"><\/video>\n\t\t\t\t<\/div>\n\t\t\t\t\t\t<\/div>\n\t\t\t\t<\/div>\n\t\t\t\t<div class=\"elementor-element elementor-element-da544c8 elementor-widget elementor-widget-video\" data-id=\"da544c8\" data-element_type=\"widget\" data-e-type=\"widget\" data-settings=\"{&quot;video_type&quot;:&quot;hosted&quot;,&quot;controls&quot;:&quot;yes&quot;}\" data-widget_type=\"video.default\">\n\t\t\t\t<div class=\"elementor-widget-container\">\n\t\t\t\t\t\t\t<div class=\"e-hosted-video elementor-wrapper elementor-open-inline\">\n\t\t\t\t\t<video class=\"elementor-video\" src=\"https:\/\/alu-set.com\/multim\/2025_01.mp4\" controls=\"\" preload=\"metadata\" controlsList=\"nodownload\"><\/video>\n\t\t\t\t<\/div>\n\t\t\t\t\t\t<\/div>\n\t\t\t\t<\/div>\n\t\t\t\t<div class=\"elementor-element elementor-element-8a2611b elementor-widget elementor-widget-video\" data-id=\"8a2611b\" data-element_type=\"widget\" data-e-type=\"widget\" data-settings=\"{&quot;video_type&quot;:&quot;hosted&quot;,&quot;controls&quot;:&quot;yes&quot;}\" data-widget_type=\"video.default\">\n\t\t\t\t<div class=\"elementor-widget-container\">\n\t\t\t\t\t\t\t<div class=\"e-hosted-video elementor-wrapper elementor-open-inline\">\n\t\t\t\t\t<video class=\"elementor-video\" src=\"https:\/\/alu-set.com\/multim\/2025_02.mp4\" controls=\"\" preload=\"metadata\" controlsList=\"nodownload\"><\/video>\n\t\t\t\t<\/div>\n\t\t\t\t\t\t<\/div>\n\t\t\t\t<\/div>\n\t\t\t\t<div class=\"elementor-element elementor-element-fbcef2e elementor-widget elementor-widget-video\" data-id=\"fbcef2e\" data-element_type=\"widget\" data-e-type=\"widget\" data-settings=\"{&quot;video_type&quot;:&quot;hosted&quot;,&quot;controls&quot;:&quot;yes&quot;}\" data-widget_type=\"video.default\">\n\t\t\t\t<div class=\"elementor-widget-container\">\n\t\t\t\t\t\t\t<div class=\"e-hosted-video elementor-wrapper elementor-open-inline\">\n\t\t\t\t\t<video class=\"elementor-video\" src=\"https:\/\/alu-set.com\/multim\/2025_03.mp4\" controls=\"\" preload=\"metadata\" controlsList=\"nodownload\"><\/video>\n\t\t\t\t<\/div>\n\t\t\t\t\t\t<\/div>\n\t\t\t\t<\/div>\n\t\t\t\t<div class=\"elementor-element elementor-element-81280b9 elementor-widget elementor-widget-video\" data-id=\"81280b9\" data-element_type=\"widget\" data-e-type=\"widget\" data-settings=\"{&quot;video_type&quot;:&quot;hosted&quot;,&quot;controls&quot;:&quot;yes&quot;}\" data-widget_type=\"video.default\">\n\t\t\t\t<div class=\"elementor-widget-container\">\n\t\t\t\t\t\t\t<div class=\"e-hosted-video elementor-wrapper elementor-open-inline\">\n\t\t\t\t\t<video class=\"elementor-video\" src=\"https:\/\/alu-set.com\/multim\/2025_04.mp4\" controls=\"\" preload=\"metadata\" controlsList=\"nodownload\"><\/video>\n\t\t\t\t<\/div>\n\t\t\t\t\t\t<\/div>\n\t\t\t\t<\/div>\n\t\t\t\t<div class=\"elementor-element elementor-element-3bc4a96 elementor-widget elementor-widget-video\" data-id=\"3bc4a96\" data-element_type=\"widget\" data-e-type=\"widget\" data-settings=\"{&quot;video_type&quot;:&quot;hosted&quot;,&quot;controls&quot;:&quot;yes&quot;}\" data-widget_type=\"video.default\">\n\t\t\t\t<div class=\"elementor-widget-container\">\n\t\t\t\t\t\t\t<div class=\"e-hosted-video elementor-wrapper elementor-open-inline\">\n\t\t\t\t\t<video class=\"elementor-video\" src=\"https:\/\/alu-set.com\/multim\/2025_05.mp4\" controls=\"\" preload=\"metadata\" controlsList=\"nodownload\"><\/video>\n\t\t\t\t<\/div>\n\t\t\t\t\t\t<\/div>\n\t\t\t\t<\/div>\n\t\t\t\t<div class=\"elementor-element elementor-element-99e91f3 elementor-widget elementor-widget-video\" data-id=\"99e91f3\" data-element_type=\"widget\" data-e-type=\"widget\" data-settings=\"{&quot;video_type&quot;:&quot;hosted&quot;,&quot;controls&quot;:&quot;yes&quot;}\" data-widget_type=\"video.default\">\n\t\t\t\t<div class=\"elementor-widget-container\">\n\t\t\t\t\t\t\t<div class=\"e-hosted-video elementor-wrapper elementor-open-inline\">\n\t\t\t\t\t<video class=\"elementor-video\" src=\"https:\/\/alu-set.com\/multim\/2025_06.mp4\" controls=\"\" preload=\"metadata\" controlsList=\"nodownload\"><\/video>\n\t\t\t\t<\/div>\n\t\t\t\t\t\t<\/div>\n\t\t\t\t<\/div>\n\t\t\t\t\t<\/div>\n\t\t\t\t<\/div>\n\t\t\t\t<\/div>\n\t\t","protected":false},"excerpt":{"rendered":"<p>https:\/\/alu-set.com\/multim\/2026_01.mp4https:\/\/alu-set.com\/multim\/2026_02.mp4https:\/\/alu-set.com\/multim\/2026_03.mp4https:\/\/alu-set.com\/multim\/2026_04.mp4https:\/\/alu-set.com\/multim\/2025_01.mp4https:\/\/alu-set.com\/multim\/2025_02.mp4https:\/\/alu-set.com\/multim\/2025_03.mp4https:\/\/alu-set.com\/multim\/2025_04.mp4https:\/\/alu-set.com\/multim\/2025_05.mp4https:\/\/alu-set.com\/multim\/2025_06.mp4<\/p>\n","protected":false},"author":1,"featured_media":0,"parent":0,"menu_order":3,"comment_status":"closed","ping_status":"closed","template":"","meta":{"_acf_changed":false,"inline_featured_image":false,"footnotes":""},"class_list":["post-1586","page","type-page","status-publish","hentry"],"acf":[],"yoast_head":"<!-- This site is optimized with the Yoast SEO plugin v27.5 - https:\/\/yoast.com\/product\/yoast-seo-wordpress\/ -->\n<title>V\u00eddeos - A-SET sistemas<\/title>\n<meta name=\"robots\" content=\"index, follow, max-snippet:-1, max-image-preview:large, max-video-preview:-1\" \/>\n<link rel=\"canonical\" href=\"https:\/\/alu-set.com\/ca\/videos\/\" \/>\n<meta property=\"og:locale\" content=\"ca_ES\" \/>\n<meta property=\"og:type\" content=\"article\" \/>\n<meta property=\"og:title\" content=\"V\u00eddeos - A-SET sistemas\" \/>\n<meta property=\"og:description\" content=\"https:\/\/alu-set.com\/multim\/2026_01.mp4https:\/\/alu-set.com\/multim\/2026_02.mp4https:\/\/alu-set.com\/multim\/2026_03.mp4https:\/\/alu-set.com\/multim\/2026_04.mp4https:\/\/alu-set.com\/multim\/2025_01.mp4https:\/\/alu-set.com\/multim\/2025_02.mp4https:\/\/alu-set.com\/multim\/2025_03.mp4https:\/\/alu-set.com\/multim\/2025_04.mp4https:\/\/alu-set.com\/multim\/2025_05.mp4https:\/\/alu-set.com\/multim\/2025_06.mp4\" \/>\n<meta property=\"og:url\" content=\"https:\/\/alu-set.com\/ca\/videos\/\" \/>\n<meta property=\"og:site_name\" content=\"A-SET sistemas\" \/>\n<meta property=\"article:modified_time\" content=\"2026-04-29T06:56:54+00:00\" \/>\n<meta name=\"twitter:card\" content=\"summary_large_image\" \/>\n<meta name=\"twitter:label1\" content=\"Temps estimat de lectura\" \/>\n\t<meta name=\"twitter:data1\" content=\"1 minut\" \/>\n<script type=\"application\/ld+json\" class=\"yoast-schema-graph\">{\"@context\":\"https:\\\/\\\/schema.org\",\"@graph\":[{\"@type\":\"WebPage\",\"@id\":\"https:\\\/\\\/alu-set.com\\\/ca\\\/videos\\\/\",\"url\":\"https:\\\/\\\/alu-set.com\\\/ca\\\/videos\\\/\",\"name\":\"V\u00eddeos - A-SET sistemas\",\"isPartOf\":{\"@id\":\"https:\\\/\\\/alu-set.com\\\/ca\\\/#website\"},\"datePublished\":\"2024-05-17T08:57:20+00:00\",\"dateModified\":\"2026-04-29T06:56:54+00:00\",\"breadcrumb\":{\"@id\":\"https:\\\/\\\/alu-set.com\\\/ca\\\/videos\\\/#breadcrumb\"},\"inLanguage\":\"ca\",\"potentialAction\":[{\"@type\":\"ReadAction\",\"target\":[\"https:\\\/\\\/alu-set.com\\\/ca\\\/videos\\\/\"]}]},{\"@type\":\"BreadcrumbList\",\"@id\":\"https:\\\/\\\/alu-set.com\\\/ca\\\/videos\\\/#breadcrumb\",\"itemListElement\":[{\"@type\":\"ListItem\",\"position\":1,\"name\":\"Portada\",\"item\":\"https:\\\/\\\/alu-set.com\\\/ca\\\/\"},{\"@type\":\"ListItem\",\"position\":2,\"name\":\"V\u00eddeos\"}]},{\"@type\":\"WebSite\",\"@id\":\"https:\\\/\\\/alu-set.com\\\/ca\\\/#website\",\"url\":\"https:\\\/\\\/alu-set.com\\\/ca\\\/\",\"name\":\"Alu-set sistemas\",\"description\":\"Soluciones en aluminio para interior y exterior. Dise\u00f1o, calidad, personalizaci\u00f3n y tecnolog\u00eda de \u00faltima generaci\u00f3n\",\"publisher\":{\"@id\":\"https:\\\/\\\/alu-set.com\\\/ca\\\/#organization\"},\"alternateName\":\"A-SET sistemas\",\"potentialAction\":[{\"@type\":\"SearchAction\",\"target\":{\"@type\":\"EntryPoint\",\"urlTemplate\":\"https:\\\/\\\/alu-set.com\\\/ca\\\/?s={search_term_string}\"},\"query-input\":{\"@type\":\"PropertyValueSpecification\",\"valueRequired\":true,\"valueName\":\"search_term_string\"}}],\"inLanguage\":\"ca\"},{\"@type\":\"Organization\",\"@id\":\"https:\\\/\\\/alu-set.com\\\/ca\\\/#organization\",\"name\":\"Alu-set sistemas\",\"alternateName\":\"A-SET sistemas\",\"url\":\"https:\\\/\\\/alu-set.com\\\/ca\\\/\",\"logo\":{\"@type\":\"ImageObject\",\"inLanguage\":\"ca\",\"@id\":\"https:\\\/\\\/alu-set.com\\\/ca\\\/#\\\/schema\\\/logo\\\/image\\\/\",\"url\":\"https:\\\/\\\/alu-set.com\\\/wp-content\\\/uploads\\\/2025\\\/03\\\/logoA.png\",\"contentUrl\":\"https:\\\/\\\/alu-set.com\\\/wp-content\\\/uploads\\\/2025\\\/03\\\/logoA.png\",\"width\":137,\"height\":150,\"caption\":\"Alu-set sistemas\"},\"image\":{\"@id\":\"https:\\\/\\\/alu-set.com\\\/ca\\\/#\\\/schema\\\/logo\\\/image\\\/\"}}]}<\/script>\n<!-- \/ Yoast SEO plugin. -->","yoast_head_json":{"title":"V\u00eddeos - A-SET sistemas","robots":{"index":"index","follow":"follow","max-snippet":"max-snippet:-1","max-image-preview":"max-image-preview:large","max-video-preview":"max-video-preview:-1"},"canonical":"https:\/\/alu-set.com\/ca\/videos\/","og_locale":"ca_ES","og_type":"article","og_title":"V\u00eddeos - A-SET sistemas","og_description":"https:\/\/alu-set.com\/multim\/2026_01.mp4https:\/\/alu-set.com\/multim\/2026_02.mp4https:\/\/alu-set.com\/multim\/2026_03.mp4https:\/\/alu-set.com\/multim\/2026_04.mp4https:\/\/alu-set.com\/multim\/2025_01.mp4https:\/\/alu-set.com\/multim\/2025_02.mp4https:\/\/alu-set.com\/multim\/2025_03.mp4https:\/\/alu-set.com\/multim\/2025_04.mp4https:\/\/alu-set.com\/multim\/2025_05.mp4https:\/\/alu-set.com\/multim\/2025_06.mp4","og_url":"https:\/\/alu-set.com\/ca\/videos\/","og_site_name":"A-SET sistemas","article_modified_time":"2026-04-29T06:56:54+00:00","twitter_card":"summary_large_image","twitter_misc":{"Temps estimat de lectura":"1 minut"},"schema":{"@context":"https:\/\/schema.org","@graph":[{"@type":"WebPage","@id":"https:\/\/alu-set.com\/ca\/videos\/","url":"https:\/\/alu-set.com\/ca\/videos\/","name":"V\u00eddeos - A-SET sistemas","isPartOf":{"@id":"https:\/\/alu-set.com\/ca\/#website"},"datePublished":"2024-05-17T08:57:20+00:00","dateModified":"2026-04-29T06:56:54+00:00","breadcrumb":{"@id":"https:\/\/alu-set.com\/ca\/videos\/#breadcrumb"},"inLanguage":"ca","potentialAction":[{"@type":"ReadAction","target":["https:\/\/alu-set.com\/ca\/videos\/"]}]},{"@type":"BreadcrumbList","@id":"https:\/\/alu-set.com\/ca\/videos\/#breadcrumb","itemListElement":[{"@type":"ListItem","position":1,"name":"Portada","item":"https:\/\/alu-set.com\/ca\/"},{"@type":"ListItem","position":2,"name":"V\u00eddeos"}]},{"@type":"WebSite","@id":"https:\/\/alu-set.com\/ca\/#website","url":"https:\/\/alu-set.com\/ca\/","name":"Alu-set sistemas","description":"Soluciones en aluminio para interior y exterior. Dise\u00f1o, calidad, personalizaci\u00f3n y tecnolog\u00eda de \u00faltima generaci\u00f3n","publisher":{"@id":"https:\/\/alu-set.com\/ca\/#organization"},"alternateName":"A-SET sistemas","potentialAction":[{"@type":"SearchAction","target":{"@type":"EntryPoint","urlTemplate":"https:\/\/alu-set.com\/ca\/?s={search_term_string}"},"query-input":{"@type":"PropertyValueSpecification","valueRequired":true,"valueName":"search_term_string"}}],"inLanguage":"ca"},{"@type":"Organization","@id":"https:\/\/alu-set.com\/ca\/#organization","name":"Alu-set sistemas","alternateName":"A-SET sistemas","url":"https:\/\/alu-set.com\/ca\/","logo":{"@type":"ImageObject","inLanguage":"ca","@id":"https:\/\/alu-set.com\/ca\/#\/schema\/logo\/image\/","url":"https:\/\/alu-set.com\/wp-content\/uploads\/2025\/03\/logoA.png","contentUrl":"https:\/\/alu-set.com\/wp-content\/uploads\/2025\/03\/logoA.png","width":137,"height":150,"caption":"Alu-set sistemas"},"image":{"@id":"https:\/\/alu-set.com\/ca\/#\/schema\/logo\/image\/"}}]}},"_links":{"self":[{"href":"https:\/\/alu-set.com\/ca\/wp-json\/wp\/v2\/pages\/1586","targetHints":{"allow":["GET"]}}],"collection":[{"href":"https:\/\/alu-set.com\/ca\/wp-json\/wp\/v2\/pages"}],"about":[{"href":"https:\/\/alu-set.com\/ca\/wp-json\/wp\/v2\/types\/page"}],"author":[{"embeddable":true,"href":"https:\/\/alu-set.com\/ca\/wp-json\/wp\/v2\/users\/1"}],"replies":[{"embeddable":true,"href":"https:\/\/alu-set.com\/ca\/wp-json\/wp\/v2\/comments?post=1586"}],"version-history":[{"count":2,"href":"https:\/\/alu-set.com\/ca\/wp-json\/wp\/v2\/pages\/1586\/revisions"}],"predecessor-version":[{"id":1733,"href":"https:\/\/alu-set.com\/ca\/wp-json\/wp\/v2\/pages\/1586\/revisions\/1733"}],"wp:attachment":[{"href":"https:\/\/alu-set.com\/ca\/wp-json\/wp\/v2\/media?parent=1586"}],"curies":[{"name":"wp","href":"https:\/\/api.w.org\/{rel}","templated":true}]}}