{"id":1590,"date":"2024-05-18T04:08:03","date_gmt":"2024-05-18T02:08:03","guid":{"rendered":"https:\/\/alu-set.com\/contacte\/"},"modified":"2026-04-29T08:53:42","modified_gmt":"2026-04-29T06:53:42","slug":"contacte","status":"publish","type":"page","link":"https:\/\/alu-set.com\/ca\/contacte\/","title":{"rendered":"Contacte"},"content":{"rendered":"\t\t<div data-elementor-type=\"wp-page\" data-elementor-id=\"1590\" class=\"elementor elementor-1590 elementor-130\">\n\t\t\t\t\t\t<section class=\"elementor-section elementor-top-section elementor-element elementor-element-88ab63e pbmit-sticky-section pbmit-col-stretched-none pbmit-bg-color-over-image elementor-section-boxed elementor-section-height-default elementor-section-height-default\" data-id=\"88ab63e\" data-element_type=\"section\" data-e-type=\"section\" data-settings=\"{&quot;background_background&quot;:&quot;classic&quot;}\">\n\t\t\t\t\t\t<div class=\"elementor-container elementor-column-gap-no\">\n\t\t\t\t\t<div class=\"elementor-column elementor-col-50 elementor-top-column elementor-element elementor-element-1a32f66 pbmit-sticky-col pbmit-bg-color-over-image\" data-id=\"1a32f66\" data-element_type=\"column\" data-e-type=\"column\">\n\t\t\t<div class=\"elementor-widget-wrap elementor-element-populated\">\n\t\t\t\t\t\t<div class=\"elementor-element elementor-element-2ed6edf elementor-widget elementor-widget-pbmit_heading\" data-id=\"2ed6edf\" data-element_type=\"widget\" data-e-type=\"widget\" data-widget_type=\"pbmit_heading.default\">\n\t\t\t\t<div class=\"elementor-widget-container\">\n\t\t\t\t\t <div class=\"pbmit-heading-subheading pbmit-reverse-heading-yes animation-style2\"><h4 class=\"pbmit-element-subtitle\"><span>\n\t\t\t\t<\/span>\n\t\t\t\t\n\t\t\t\t\tContacte\n\t\t\t\t\n\t\t\t\t<\/h4>\n\t\t\t<h2 class=\"pbmit-element-title\">\n\t\t\t\t\n\t\t\t\t\tFem realitat els teus projectes\n\t\t\t\t\n\t\t\t\t<\/h2>\n\t\t\t<div class=\"pbmit-heading-desc\">A A-SET (ALU-SET), entenem que cada projecte \u00e9s \u00fanic. Per aix\u00f2, ens comprometem a escoltar-te, assessorar-te i oferir solucions personalitzades que s'adaptin a les teves necessitats i superin les teves expectatives. <br> No dubteu a contactar-nos perqu\u00e8 junts fem realitat les vostres idees de fusteria d'alumini i tancaments de vidre.<\/div><\/div>\t\t\t\t<\/div>\n\t\t\t\t<\/div>\n\t\t\t\t<div class=\"elementor-element elementor-element-8c365d3 color-main elementor-widget elementor-widget-pbmit_icon_heading\" data-id=\"8c365d3\" data-element_type=\"widget\" data-e-type=\"widget\" data-widget_type=\"pbmit_icon_heading.default\">\n\t\t\t\t<div class=\"elementor-widget-container\">\n\t\t\t\t\t<div class=\"pbmit-ihbox pbmit-ihbox-style-18\"><div class=\"pbmit-ihbox-headingicon d-flex align-items-center\">\n\t<div class=\"pbmit-ihbox-icon\"><div class=\"pbmit-ihbox-icon-wrapper pbmit-icon-type-icon\"><i class=\"pbmit-xinterio-icon pbmit-xinterio-icon-message\"><\/i><\/div><\/div>\t<div class=\"pbmit-ihbox-contents\">\n\t\t\t\t\t\t<h2 class=\"pbmit-element-title\"><a class=\"pbmit-button-inner\" href=\"mailto:info@alu-set.com\"><span class=\"pbmit-button-wrapper\"><span class=\"pbmit-button-text\">info@alu-set.com<\/span><\/span><\/a><\/h2>\t\t\t\t\t<\/div><!-- .pbmit-ihbox-contents -->\n<\/div><\/div>\t\t\t\t<\/div>\n\t\t\t\t<\/div>\n\t\t\t\t\t<\/div>\n\t\t<\/div>\n\t\t\t\t<div class=\"elementor-column elementor-col-50 elementor-top-column elementor-element elementor-element-49414a7 pbmit-bg-color-yes pbmit-elementor-bg-color-light pbmit-bg-color-over-image\" data-id=\"49414a7\" data-element_type=\"column\" data-e-type=\"column\">\n\t\t\t<div class=\"elementor-widget-wrap elementor-element-populated\">\n\t\t\t\t\t\t<div class=\"elementor-element elementor-element-2887756 elementor-widget elementor-widget-pbmit_custom_heading\" data-id=\"2887756\" data-element_type=\"widget\" data-e-type=\"widget\" data-widget_type=\"pbmit_custom_heading.default\">\n\t\t\t\t<div class=\"elementor-widget-container\">\n\t\t\t\t\t\t<div class=\"pbmit-custom-heading -align animation-style2\"><h2 class=\"pbmit-element-title\">\n\t\t\t\t\n\t\t\t\t\tEnvia'ns el teu missatge\n\t\t\t\t\n\t\t\t\t<\/h2>\n\t\t\t<\/div>\t\t\t\t<\/div>\n\t\t\t\t<\/div>\n\t\t\t\t<div class=\"elementor-element elementor-element-3c0f154 elementor-widget elementor-widget-shortcode\" data-id=\"3c0f154\" data-element_type=\"widget\" data-e-type=\"widget\" data-widget_type=\"shortcode.default\">\n\t\t\t\t<div class=\"elementor-widget-container\">\n\t\t\t\t\t\t\t<div class=\"elementor-shortcode\">\n<div class=\"wpcf7 no-js\" id=\"wpcf7-f1682-o1\" lang=\"ca\" dir=\"ltr\" data-wpcf7-id=\"1682\">\n<div class=\"screen-reader-response\"><p role=\"status\" aria-live=\"polite\" aria-atomic=\"true\"><\/p> <ul><\/ul><\/div>\n<form action=\"\/ca\/wp-json\/wp\/v2\/pages\/1590#wpcf7-f1682-o1\" method=\"post\" class=\"wpcf7-form init\" aria-label=\"Formulari de contacte\" novalidate=\"novalidate\" data-status=\"init\">\n<fieldset class=\"hidden-fields-container\"><input type=\"hidden\" name=\"_wpcf7\" value=\"1682\" \/><input type=\"hidden\" name=\"_wpcf7_version\" value=\"6.1.5\" \/><input type=\"hidden\" name=\"_wpcf7_locale\" value=\"ca\" \/><input type=\"hidden\" name=\"_wpcf7_unit_tag\" value=\"wpcf7-f1682-o1\" \/><input type=\"hidden\" name=\"_wpcf7_container_post\" value=\"0\" \/><input type=\"hidden\" name=\"_wpcf7_posted_data_hash\" value=\"\" \/>\n<\/fieldset>\n<div class=\"pbmit-form pbmit-team-form\">\n\t<div class=\"row\">\n\t\t<div class=\"col-sm-12\">\n\t\t\t<div class=\"input-group input-textarea\">\n\t\t\t\t<p><span class=\"wpcf7-form-control-wrap\" data-name=\"textarea-806\"><textarea cols=\"40\" rows=\"10\" maxlength=\"2000\" class=\"wpcf7-form-control wpcf7-textarea wpcf7-validates-as-required\" aria-required=\"true\" aria-invalid=\"false\" placeholder=\"Missatge\" name=\"textarea-806\"><\/textarea><\/span>\n\t\t\t\t<\/p>\n\t\t\t<\/div>\n\t\t<\/div>\n\t<\/div>\n\t<div class=\"row\">\n\t\t<div class=\"col-sm-12 col-md-6\">\n\t\t\t<div class=\"input-group\">\n\t\t\t\t<p><span class=\"wpcf7-form-control-wrap\" data-name=\"your-name\"><input size=\"40\" maxlength=\"400\" class=\"wpcf7-form-control wpcf7-text wpcf7-validates-as-required\" aria-required=\"true\" aria-invalid=\"false\" placeholder=\"Nom*\" value=\"\" type=\"text\" name=\"your-name\" \/><\/span>\n\t\t\t\t<\/p>\n\t\t\t<\/div>\n\t\t<\/div>\n\t\t<div class=\"col-sm-12 col-md-6\">\n\t\t\t<div class=\"input-group\">\n\t\t\t\t<p><span class=\"wpcf7-form-control-wrap\" data-name=\"email-address\"><input size=\"40\" maxlength=\"400\" class=\"wpcf7-form-control wpcf7-email wpcf7-validates-as-required wpcf7-text wpcf7-validates-as-email\" aria-required=\"true\" aria-invalid=\"false\" placeholder=\"Email *\" value=\"\" type=\"email\" name=\"email-address\" \/><\/span>\n\t\t\t\t<\/p>\n\t\t\t<\/div>\n\t\t<\/div>\n\t<\/div>\n\t<div class=\"row\">\n\t\t<div class=\"col-sm-12 col-md-6\">\n\t\t\t<div class=\"input-group\">\n\t\t\t\t<p><span class=\"wpcf7-form-control-wrap\" data-name=\"phone-number\"><input size=\"40\" maxlength=\"400\" class=\"wpcf7-form-control wpcf7-text wpcf7-validates-as-required\" aria-required=\"true\" aria-invalid=\"false\" placeholder=\"Tel\u00e8fon*\" value=\"\" type=\"text\" name=\"phone-number\" \/><\/span>\n\t\t\t\t<\/p>\n\t\t\t<\/div>\n\t\t<\/div>\n\t\t<div class=\"col-sm-12 col-md-6\">\n\t\t\t<div class=\"input-group\">\n\t\t\t\t<p><span class=\"wpcf7-form-control-wrap\" data-name=\"subject\"><input size=\"40\" maxlength=\"400\" class=\"wpcf7-form-control wpcf7-text wpcf7-validates-as-required\" aria-required=\"true\" aria-invalid=\"false\" placeholder=\"Assumpte\" value=\"\" type=\"text\" name=\"subject\" \/><\/span>\n\t\t\t\t<\/p>\n\t\t\t<\/div>\n\t\t<\/div>\n\t<\/div>\n\t<div class=\"col-sm-12\">\n\t\t<p><span class=\"wpcf7-form-control-wrap\" data-name=\"acceptance-801\"><span class=\"wpcf7-form-control wpcf7-acceptance\"><span class=\"wpcf7-list-item\"><label><input type=\"checkbox\" name=\"acceptance-801\" value=\"1\" aria-invalid=\"false\" \/><span class=\"wpcf7-list-item-label\">He llegit i accepto la <a href=\"https:\/\/alu-set.com\/ca\/politica-de-privacitat\" target=\"_blank\">pol\u00edtica de privacitat<\/a>.<\/span><\/label><\/span><\/span><\/span>\n\t\t<\/p>\n\t<\/div>\n\t<div class=\"col-sm-12\">\n\t\t<div class=\"input-group input-button\">\n\t\t\t<p><button id=\"submit\" class=\"wpcf7-form-control wpcf7-submit\"><span class=\"pbmit-button-icon-wrapper\"><span class=\"pbmit-button-text\">Enviar<\/span><\/span><\/button>\n\t\t\t<\/p>\n\t\t<\/div>\n\t<\/div>\n<\/div><div class=\"wpcf7-response-output\" aria-hidden=\"true\"><\/div>\n<\/form>\n<\/div>\n<\/div>\n\t\t\t\t\t\t<\/div>\n\t\t\t\t<\/div>\n\t\t\t\t\t<\/div>\n\t\t<\/div>\n\t\t\t\t\t<\/div>\n\t\t<\/section>\n\t\t\t\t<div class=\"elementor-section elementor-top-section elementor-element elementor-element-c1feb02 elementor-section-full_width elementor-section-stretched pbmit-col-stretched-none pbmit-bg-color-over-image elementor-section-height-default elementor-section-height-default\" data-id=\"c1feb02\" data-element_type=\"section\" data-e-type=\"section\" data-settings=\"{&quot;stretch_section&quot;:&quot;section-stretched&quot;}\">\n\t\t\t\t\t\t<div class=\"elementor-container elementor-column-gap-no\">\n\t\t\t\t\t<div class=\"elementor-column elementor-col-100 elementor-top-column elementor-element elementor-element-c55b218 pbmit-bg-color-over-image\" data-id=\"c55b218\" data-element_type=\"column\" data-e-type=\"column\">\n\t\t\t<div class=\"elementor-widget-wrap elementor-element-populated\">\n\t\t\t\t\t\t<div class=\"elementor-element elementor-element-4e7976f elementor-widget elementor-widget-google_maps\" data-id=\"4e7976f\" data-element_type=\"widget\" data-e-type=\"widget\" data-widget_type=\"google_maps.default\">\n\t\t\t\t<div class=\"elementor-widget-container\">\n\t\t\t\t\t\t\t<div class=\"elementor-custom-embed\">\n\t\t\t<iframe loading=\"lazy\"\n\t\t\t\t\tsrc=\"https:\/\/maps.google.com\/maps?q=Carrer%20Riera%20d%27Argentona%2C%202%2C%2008349%20Cabrera%20de%20Mar%2C%20Barcelona&#038;t=m&#038;z=17&#038;output=embed&#038;iwloc=near\"\n\t\t\t\t\ttitle=\"Carrer Riera d&#039;Argentona, 2, 08349 Cabrera de Mar, Barcelona\"\n\t\t\t\t\taria-label=\"Carrer Riera d&#039;Argentona, 2, 08349 Cabrera de Mar, Barcelona\"\n\t\t\t><\/iframe>\n\t\t<\/div>\n\t\t\t\t\t\t<\/div>\n\t\t\t\t<\/div>\n\t\t\t\t\t<\/div>\n\t\t<\/div>\n\t\t\t\t\t<\/div>\n\t\t<\/div>\n\t\t\t\t<\/div>\n\t\t","protected":false},"excerpt":{"rendered":"<p>Contacte Fem realitat els teus projectes A A-SET (ALU-SET), entenem que cada projecte \u00e9s \u00fanic. Per aix\u00f2, ens comprometem a escoltar-te, assessorar-te i oferir solucions personalitzades que s&#8217;adaptin a les teves necessitats i superin les teves expectatives. No dubteu a contactar-nos perqu\u00e8 junts fem realitat les vostres idees de fusteria d&#8217;alumini i tancaments de vidre. [&hellip;]<\/p>\n","protected":false},"author":1,"featured_media":0,"parent":0,"menu_order":32,"comment_status":"closed","ping_status":"closed","template":"","meta":{"_acf_changed":false,"inline_featured_image":false,"footnotes":""},"class_list":["post-1590","page","type-page","status-publish","hentry"],"acf":[],"yoast_head":"<!-- This site is optimized with the Yoast SEO plugin v27.5 - https:\/\/yoast.com\/product\/yoast-seo-wordpress\/ -->\n<title>Contacte - A-SET sistemas<\/title>\n<meta name=\"robots\" content=\"index, follow, max-snippet:-1, max-image-preview:large, max-video-preview:-1\" \/>\n<link rel=\"canonical\" href=\"https:\/\/alu-set.com\/ca\/contacte\/\" \/>\n<meta property=\"og:locale\" content=\"ca_ES\" \/>\n<meta property=\"og:type\" content=\"article\" \/>\n<meta property=\"og:title\" content=\"Contacte - A-SET sistemas\" \/>\n<meta property=\"og:description\" content=\"Contacte Fem realitat els teus projectes A A-SET (ALU-SET), entenem que cada projecte \u00e9s \u00fanic. Per aix\u00f2, ens comprometem a escoltar-te, assessorar-te i oferir solucions personalitzades que s&#8217;adaptin a les teves necessitats i superin les teves expectatives. No dubteu a contactar-nos perqu\u00e8 junts fem realitat les vostres idees de fusteria d&#8217;alumini i tancaments de vidre. [&hellip;]\" \/>\n<meta property=\"og:url\" content=\"https:\/\/alu-set.com\/ca\/contacte\/\" \/>\n<meta property=\"og:site_name\" content=\"A-SET sistemas\" \/>\n<meta property=\"article:modified_time\" content=\"2026-04-29T06:53:42+00:00\" \/>\n<meta name=\"twitter:card\" content=\"summary_large_image\" \/>\n<meta name=\"twitter:label1\" content=\"Temps estimat de lectura\" \/>\n\t<meta name=\"twitter:data1\" content=\"1 minut\" \/>\n<script type=\"application\/ld+json\" class=\"yoast-schema-graph\">{\"@context\":\"https:\\\/\\\/schema.org\",\"@graph\":[{\"@type\":\"WebPage\",\"@id\":\"https:\\\/\\\/alu-set.com\\\/ca\\\/contacte\\\/\",\"url\":\"https:\\\/\\\/alu-set.com\\\/ca\\\/contacte\\\/\",\"name\":\"Contacte - A-SET sistemas\",\"isPartOf\":{\"@id\":\"https:\\\/\\\/alu-set.com\\\/ca\\\/#website\"},\"datePublished\":\"2024-05-18T02:08:03+00:00\",\"dateModified\":\"2026-04-29T06:53:42+00:00\",\"breadcrumb\":{\"@id\":\"https:\\\/\\\/alu-set.com\\\/ca\\\/contacte\\\/#breadcrumb\"},\"inLanguage\":\"ca\",\"potentialAction\":[{\"@type\":\"ReadAction\",\"target\":[\"https:\\\/\\\/alu-set.com\\\/ca\\\/contacte\\\/\"]}]},{\"@type\":\"BreadcrumbList\",\"@id\":\"https:\\\/\\\/alu-set.com\\\/ca\\\/contacte\\\/#breadcrumb\",\"itemListElement\":[{\"@type\":\"ListItem\",\"position\":1,\"name\":\"Portada\",\"item\":\"https:\\\/\\\/alu-set.com\\\/ca\\\/\"},{\"@type\":\"ListItem\",\"position\":2,\"name\":\"Contacte\"}]},{\"@type\":\"WebSite\",\"@id\":\"https:\\\/\\\/alu-set.com\\\/ca\\\/#website\",\"url\":\"https:\\\/\\\/alu-set.com\\\/ca\\\/\",\"name\":\"Alu-set sistemas\",\"description\":\"Soluciones en aluminio para interior y exterior. Dise\u00f1o, calidad, personalizaci\u00f3n y tecnolog\u00eda de \u00faltima generaci\u00f3n\",\"publisher\":{\"@id\":\"https:\\\/\\\/alu-set.com\\\/ca\\\/#organization\"},\"alternateName\":\"A-SET sistemas\",\"potentialAction\":[{\"@type\":\"SearchAction\",\"target\":{\"@type\":\"EntryPoint\",\"urlTemplate\":\"https:\\\/\\\/alu-set.com\\\/ca\\\/?s={search_term_string}\"},\"query-input\":{\"@type\":\"PropertyValueSpecification\",\"valueRequired\":true,\"valueName\":\"search_term_string\"}}],\"inLanguage\":\"ca\"},{\"@type\":\"Organization\",\"@id\":\"https:\\\/\\\/alu-set.com\\\/ca\\\/#organization\",\"name\":\"Alu-set sistemas\",\"alternateName\":\"A-SET sistemas\",\"url\":\"https:\\\/\\\/alu-set.com\\\/ca\\\/\",\"logo\":{\"@type\":\"ImageObject\",\"inLanguage\":\"ca\",\"@id\":\"https:\\\/\\\/alu-set.com\\\/ca\\\/#\\\/schema\\\/logo\\\/image\\\/\",\"url\":\"https:\\\/\\\/alu-set.com\\\/wp-content\\\/uploads\\\/2025\\\/03\\\/logoA.png\",\"contentUrl\":\"https:\\\/\\\/alu-set.com\\\/wp-content\\\/uploads\\\/2025\\\/03\\\/logoA.png\",\"width\":137,\"height\":150,\"caption\":\"Alu-set sistemas\"},\"image\":{\"@id\":\"https:\\\/\\\/alu-set.com\\\/ca\\\/#\\\/schema\\\/logo\\\/image\\\/\"}}]}<\/script>\n<!-- \/ Yoast SEO plugin. -->","yoast_head_json":{"title":"Contacte - A-SET sistemas","robots":{"index":"index","follow":"follow","max-snippet":"max-snippet:-1","max-image-preview":"max-image-preview:large","max-video-preview":"max-video-preview:-1"},"canonical":"https:\/\/alu-set.com\/ca\/contacte\/","og_locale":"ca_ES","og_type":"article","og_title":"Contacte - A-SET sistemas","og_description":"Contacte Fem realitat els teus projectes A A-SET (ALU-SET), entenem que cada projecte \u00e9s \u00fanic. Per aix\u00f2, ens comprometem a escoltar-te, assessorar-te i oferir solucions personalitzades que s&#8217;adaptin a les teves necessitats i superin les teves expectatives. No dubteu a contactar-nos perqu\u00e8 junts fem realitat les vostres idees de fusteria d&#8217;alumini i tancaments de vidre. [&hellip;]","og_url":"https:\/\/alu-set.com\/ca\/contacte\/","og_site_name":"A-SET sistemas","article_modified_time":"2026-04-29T06:53:42+00:00","twitter_card":"summary_large_image","twitter_misc":{"Temps estimat de lectura":"1 minut"},"schema":{"@context":"https:\/\/schema.org","@graph":[{"@type":"WebPage","@id":"https:\/\/alu-set.com\/ca\/contacte\/","url":"https:\/\/alu-set.com\/ca\/contacte\/","name":"Contacte - A-SET sistemas","isPartOf":{"@id":"https:\/\/alu-set.com\/ca\/#website"},"datePublished":"2024-05-18T02:08:03+00:00","dateModified":"2026-04-29T06:53:42+00:00","breadcrumb":{"@id":"https:\/\/alu-set.com\/ca\/contacte\/#breadcrumb"},"inLanguage":"ca","potentialAction":[{"@type":"ReadAction","target":["https:\/\/alu-set.com\/ca\/contacte\/"]}]},{"@type":"BreadcrumbList","@id":"https:\/\/alu-set.com\/ca\/contacte\/#breadcrumb","itemListElement":[{"@type":"ListItem","position":1,"name":"Portada","item":"https:\/\/alu-set.com\/ca\/"},{"@type":"ListItem","position":2,"name":"Contacte"}]},{"@type":"WebSite","@id":"https:\/\/alu-set.com\/ca\/#website","url":"https:\/\/alu-set.com\/ca\/","name":"Alu-set sistemas","description":"Soluciones en aluminio para interior y exterior. Dise\u00f1o, calidad, personalizaci\u00f3n y tecnolog\u00eda de \u00faltima generaci\u00f3n","publisher":{"@id":"https:\/\/alu-set.com\/ca\/#organization"},"alternateName":"A-SET sistemas","potentialAction":[{"@type":"SearchAction","target":{"@type":"EntryPoint","urlTemplate":"https:\/\/alu-set.com\/ca\/?s={search_term_string}"},"query-input":{"@type":"PropertyValueSpecification","valueRequired":true,"valueName":"search_term_string"}}],"inLanguage":"ca"},{"@type":"Organization","@id":"https:\/\/alu-set.com\/ca\/#organization","name":"Alu-set sistemas","alternateName":"A-SET sistemas","url":"https:\/\/alu-set.com\/ca\/","logo":{"@type":"ImageObject","inLanguage":"ca","@id":"https:\/\/alu-set.com\/ca\/#\/schema\/logo\/image\/","url":"https:\/\/alu-set.com\/wp-content\/uploads\/2025\/03\/logoA.png","contentUrl":"https:\/\/alu-set.com\/wp-content\/uploads\/2025\/03\/logoA.png","width":137,"height":150,"caption":"Alu-set sistemas"},"image":{"@id":"https:\/\/alu-set.com\/ca\/#\/schema\/logo\/image\/"}}]}},"_links":{"self":[{"href":"https:\/\/alu-set.com\/ca\/wp-json\/wp\/v2\/pages\/1590","targetHints":{"allow":["GET"]}}],"collection":[{"href":"https:\/\/alu-set.com\/ca\/wp-json\/wp\/v2\/pages"}],"about":[{"href":"https:\/\/alu-set.com\/ca\/wp-json\/wp\/v2\/types\/page"}],"author":[{"embeddable":true,"href":"https:\/\/alu-set.com\/ca\/wp-json\/wp\/v2\/users\/1"}],"replies":[{"embeddable":true,"href":"https:\/\/alu-set.com\/ca\/wp-json\/wp\/v2\/comments?post=1590"}],"version-history":[{"count":2,"href":"https:\/\/alu-set.com\/ca\/wp-json\/wp\/v2\/pages\/1590\/revisions"}],"predecessor-version":[{"id":1727,"href":"https:\/\/alu-set.com\/ca\/wp-json\/wp\/v2\/pages\/1590\/revisions\/1727"}],"wp:attachment":[{"href":"https:\/\/alu-set.com\/ca\/wp-json\/wp\/v2\/media?parent=1590"}],"curies":[{"name":"wp","href":"https:\/\/api.w.org\/{rel}","templated":true}]}}